{"id":132,"date":"2025-04-09T12:12:27","date_gmt":"2025-04-09T12:12:27","guid":{"rendered":"https:\/\/reciclajealimentario.webs.upv.es\/?page_id=132"},"modified":"2025-11-03T12:46:28","modified_gmt":"2025-11-03T12:46:28","slug":"participa","status":"publish","type":"page","link":"https:\/\/reciclajealimentario.webs.upv.es\/index.php\/participa\/","title":{"rendered":"\u00a1Participa!"},"content":{"rendered":"\n<p>Como proyecto de Ciencia Ciudadana, las aportaciones de la poblaci\u00f3n general son imprescindibles. Te invitamos a participar en el proyecto con tus propias recetas y tambi\u00e9n, rellenando esta <a href=\"https:\/\/forms.gle\/TUabeMS1rXPdkmxa9\" target=\"_blank\" rel=\"noreferrer noopener nofollow\"><strong>encuesta\ud83d\udd17<\/strong><\/a>.<\/p>\n\n\n\n<p>A\u00f1ade tu receta o propuesta de subproducto a reciclar, como hacerlo y ejemplos de reutilizaci\u00f3n. Si quieres il\u00fastralo con fotos y\/o videos.<\/p>\n\n\n\n<p><br><\/p>\n\n\n\n","protected":false},"excerpt":{"rendered":"<p>Como proyecto de Ciencia Ciudadana, las aportaciones de la poblaci\u00f3n general son imprescindibles. Te invitamos a participar en el proyecto con tus propias recetas y tambi\u00e9n, rellenando esta encuesta\ud83d\udd17. A\u00f1ade tu receta o propuesta de &hellip; <\/p>\n","protected":false},"author":1,"featured_media":0,"parent":0,"menu_order":0,"comment_status":"closed","ping_status":"closed","template":"","meta":{"footnotes":""},"class_list":["post-132","page","type-page","status-publish","hentry"],"_links":{"self":[{"href":"https:\/\/reciclajealimentario.webs.upv.es\/index.php\/wp-json\/wp\/v2\/pages\/132","targetHints":{"allow":["GET"]}}],"collection":[{"href":"https:\/\/reciclajealimentario.webs.upv.es\/index.php\/wp-json\/wp\/v2\/pages"}],"about":[{"href":"https:\/\/reciclajealimentario.webs.upv.es\/index.php\/wp-json\/wp\/v2\/types\/page"}],"author":[{"embeddable":true,"href":"https:\/\/reciclajealimentario.webs.upv.es\/index.php\/wp-json\/wp\/v2\/users\/1"}],"replies":[{"embeddable":true,"href":"https:\/\/reciclajealimentario.webs.upv.es\/index.php\/wp-json\/wp\/v2\/comments?post=132"}],"version-history":[{"count":15,"href":"https:\/\/reciclajealimentario.webs.upv.es\/index.php\/wp-json\/wp\/v2\/pages\/132\/revisions"}],"predecessor-version":[{"id":520,"href":"https:\/\/reciclajealimentario.webs.upv.es\/index.php\/wp-json\/wp\/v2\/pages\/132\/revisions\/520"}],"wp:attachment":[{"href":"https:\/\/reciclajealimentario.webs.upv.es\/index.php\/wp-json\/wp\/v2\/media?parent=132"}],"curies":[{"name":"wp","href":"https:\/\/api.w.org\/{rel}","templated":true}]}}