{"id":2,"date":"2025-03-06T11:41:39","date_gmt":"2025-03-06T11:41:39","guid":{"rendered":"https:\/\/reciclajealimentario.webs.upv.es\/?page_id=2"},"modified":"2026-03-11T16:45:46","modified_gmt":"2026-03-11T16:45:46","slug":"sample-page","status":"publish","type":"page","link":"https:\/\/reciclajealimentario.webs.upv.es\/","title":{"rendered":"La cultura del reciclaje alimentario llevada al hogar: de la mesa a la mesa"},"content":{"rendered":"\n<div class=\"wp-block-group\" style=\"border-style:none;border-width:0px;padding-top:0;padding-right:0;padding-bottom:0;padding-left:0\"><div class=\"wp-block-group__inner-container is-layout-constrained wp-container-core-group-is-layout-c6b4b7cd wp-block-group-is-layout-constrained\">\n<blockquote class=\"wp-block-quote is-layout-flow wp-block-quote-is-layout-flow\">\n<p>En la Uni\u00f3n Europea, cada ciudadano desperdicia 132 kg de alimentos por a\u00f1o.<\/p>\n\n\n\n<p>El desperdicio alimentario no s\u00f3lo es un problema medioambiental, sino que juega en contra del enorme reto al que se enfrenta la sociedad actual de paliar el hambre en el mundo. Muchos de los alimentos o partes de ellos que no se consumen, tienen un gran valor nutritivo y contienen muchos compuestos potencialmente beneficiosos para la salud, los llamados compuestos bioactivos entre los que se encuentran la fibra diet\u00e9tica, vitamina C, fenoles, carotenoides o clorofilas, entre otros.<\/p>\n\n\n\n<p class=\"has-medium-font-size\"><strong>Diferentes estudios muestran que entre el 30% y el 50% de la producci\u00f3n mundial de alimentos no se consume.<\/strong><\/p>\n<\/blockquote>\n<\/div><\/div>\n\n\n\n<figure class=\"wp-block-image alignwide size-full\"><img loading=\"lazy\" decoding=\"async\" width=\"2500\" height=\"1761\" src=\"https:\/\/reciclajealimentario.webs.upv.es\/wp-content\/uploads\/2025\/10\/grafico-09.jpg\" alt=\"\" class=\"wp-image-469\" srcset=\"https:\/\/reciclajealimentario.webs.upv.es\/wp-content\/uploads\/2025\/10\/grafico-09.jpg 2500w, https:\/\/reciclajealimentario.webs.upv.es\/wp-content\/uploads\/2025\/10\/grafico-09-300x211.jpg 300w, https:\/\/reciclajealimentario.webs.upv.es\/wp-content\/uploads\/2025\/10\/grafico-09-1024x721.jpg 1024w, https:\/\/reciclajealimentario.webs.upv.es\/wp-content\/uploads\/2025\/10\/grafico-09-768x541.jpg 768w, https:\/\/reciclajealimentario.webs.upv.es\/wp-content\/uploads\/2025\/10\/grafico-09-1536x1082.jpg 1536w, https:\/\/reciclajealimentario.webs.upv.es\/wp-content\/uploads\/2025\/10\/grafico-09-2048x1443.jpg 2048w\" sizes=\"auto, (max-width: 2500px) 100vw, 2500px\" \/><figcaption class=\"wp-element-caption\">Diagrama de elaboraci\u00f3n propia. Datos tomados de Stenmarck et al. (2016); DOI: 10.13140\/RG.2.1.4658.4721<\/figcaption><\/figure>\n\n\n\n<p class=\"has-text-align-center has-small-font-size\">\u00a9 2025 por Irene Lillo Camacho con licencia CC BY-NC-ND 4.0. Para ver una copia de esta licencia, visite <a href=\"https:\/\/creativecommons.org\/licenses\/by-nc-nd\/4.0\/\">https:\/\/creativecommons.org\/licenses\/by-nc-nd\/4.0\/<\/a><\/p>\n\n\n\n<h3 class=\"wp-block-heading\"><strong>\u00a1No lo tires! Aprov\u00e9chalo<\/strong><\/h3>\n\n\n\n<h4 class=\"wp-block-heading\">Hacia una alimentaci\u00f3n inteligente<\/h4>\n\n\n\n<div class=\"wp-block-columns alignwide is-layout-flex wp-container-core-columns-is-layout-be00c520 wp-block-columns-is-layout-flex\" style=\"margin-bottom:0;padding-right:0;padding-left:0\">\n<div class=\"wp-block-column is-vertically-aligned-stretch has-text-color has-background has-link-color wp-elements-374398111f464bf411ef30232d488043 is-layout-flow wp-block-column-is-layout-flow\" style=\"color:#000000;background-color:#ffe97d;padding-top:2em;padding-right:2em;padding-bottom:2em;padding-left:2em;flex-basis:33%\">\n<h4 class=\"wp-block-heading\" style=\"border-style:none;border-width:0px;border-radius:0px;padding-top:0;padding-bottom:0\"><strong>Beneficios<\/strong><\/h4>\n\n\n\n<hr class=\"wp-block-separator has-text-color has-css-opacity has-background is-style-wide\" style=\"background-color:#000000;color:#000000\"\/>\n\n\n\n<h6 class=\"wp-block-heading\">Lo que tiramos tiene alto contenido en:<\/h6>\n\n\n\n<ul style=\"line-height:1.2\" class=\"wp-block-list\">\n<li class=\"has-medium-font-size\">Fibra<\/li>\n\n\n\n<li class=\"has-medium-font-size\">Prote\u00edna<\/li>\n\n\n\n<li class=\"has-medium-font-size\">Vitamina C<\/li>\n\n\n\n<li class=\"has-medium-font-size\">Polifenoles<\/li>\n\n\n\n<li class=\"has-medium-font-size\">Carotenoides<\/li>\n\n\n\n<li class=\"has-medium-font-size\">\u00a1Y mucho m\u00e1s!<\/li>\n<\/ul>\n<\/div>\n\n\n\n<div class=\"wp-block-column is-vertically-aligned-stretch has-text-color has-background has-link-color wp-elements-1c2143b35203ed9e5187844fb7f836e8 is-layout-flow wp-block-column-is-layout-flow\" style=\"border-radius:0px;color:#000000;background-color:#d1d1e1;padding-top:2em;padding-right:2em;padding-bottom:2em;padding-left:2em;flex-basis:33%\">\n<h4 class=\"wp-block-heading\"><strong>Cero desperdicios<\/strong><\/h4>\n\n\n\n<hr class=\"wp-block-separator has-text-color has-css-opacity has-background is-style-wide\" style=\"background-color:#000000;color:#000000\"\/>\n\n\n\n<ul style=\"line-height:1.2\" class=\"wp-block-list has-normal-font-size\">\n<li class=\"has-medium-font-size\">Mejora de la nutrici\u00f3n y seguridad alimentaria<\/li>\n\n\n\n<li class=\"has-medium-font-size\">Garant\u00eda del derecho a la alimentaci\u00f3n<\/li>\n\n\n\n<li class=\"has-medium-font-size\">Hambre cero<\/li>\n\n\n\n<li class=\"has-medium-font-size\">Eficiencia en el uso de recursos naturales<\/li>\n\n\n\n<li class=\"has-medium-font-size\">Reducci\u00f3n del impacto ambiental derivado de la producci\u00f3n y eliminaci\u00f3n de subproductos<\/li>\n\n\n\n<li class=\"has-medium-font-size\">Ahorro financiero para empresas y consumidores<\/li>\n\n\n\n<li class=\"has-medium-font-size\">Ayudamos al planeta Tierra<\/li>\n<\/ul>\n<\/div>\n\n\n\n<div class=\"wp-block-column is-vertically-aligned-stretch has-text-color has-background has-link-color wp-elements-70ffba38a84882184da903d39f8d2930 is-layout-flow wp-block-column-is-layout-flow\" style=\"color:#000000;background-color:#c0ebf1;padding-top:2em;padding-right:2em;padding-bottom:2em;padding-left:2em;flex-basis:33%\">\n<h4 class=\"wp-block-heading\"><strong>Aplicaciones<\/strong><\/h4>\n\n\n\n<hr class=\"wp-block-separator has-text-color has-css-opacity has-background is-style-wide\" style=\"background-color:#000000;color:#000000\"\/>\n\n\n\n<ul style=\"line-height:1.2\" class=\"wp-block-list has-normal-font-size\">\n<li class=\"has-medium-font-size\">Ali\u00f1os para ensaladas<\/li>\n\n\n\n<li class=\"has-medium-font-size\">Condimento para guisos<\/li>\n\n\n\n<li class=\"has-medium-font-size\">Potenciador de aroma, color o sabor<\/li>\n\n\n\n<li class=\"has-medium-font-size\">L\u00e1cteos (yogures, helados)<\/li>\n\n\n\n<li class=\"has-medium-font-size\">Ovoproductos<\/li>\n\n\n\n<li class=\"has-medium-font-size\">Productos de panader\u00eda- boller\u00eda<\/li>\n\n\n\n<li class=\"has-medium-font-size\">Productos c\u00e1rnicos<\/li>\n\n\n\n<li class=\"has-medium-font-size\">etc.<\/li>\n<\/ul>\n<\/div>\n<\/div>\n\n\n\n<hr class=\"wp-block-separator has-alpha-channel-opacity is-style-dots\"\/>\n\n\n\n<div class=\"wp-block-buttons is-content-justification-center is-layout-flex wp-container-core-buttons-is-layout-16018d1d wp-block-buttons-is-layout-flex\">\n<div class=\"wp-block-button\"><a class=\"wp-block-button__link wp-element-button\" href=\"https:\/\/reciclajealimentario.webs.upv.es\/index.php\/que-es-el-reciclaje-alimentario\/\"><strong>Saber m\u00e1s<\/strong>, \u00bfQu\u00e9 es el reciclaje alimentario?<\/a><\/div>\n<\/div>\n\n\n\n<p><\/p>\n","protected":false},"excerpt":{"rendered":"<p>En la Uni\u00f3n Europea, cada ciudadano desperdicia 132 kg de alimentos por a\u00f1o. El desperdicio alimentario no s\u00f3lo es un problema medioambiental, sino que juega en contra del enorme reto al que se enfrenta la &hellip; <\/p>\n","protected":false},"author":1,"featured_media":0,"parent":0,"menu_order":0,"comment_status":"closed","ping_status":"open","template":"","meta":{"footnotes":""},"class_list":["post-2","page","type-page","status-publish","hentry"],"_links":{"self":[{"href":"https:\/\/reciclajealimentario.webs.upv.es\/index.php\/wp-json\/wp\/v2\/pages\/2","targetHints":{"allow":["GET"]}}],"collection":[{"href":"https:\/\/reciclajealimentario.webs.upv.es\/index.php\/wp-json\/wp\/v2\/pages"}],"about":[{"href":"https:\/\/reciclajealimentario.webs.upv.es\/index.php\/wp-json\/wp\/v2\/types\/page"}],"author":[{"embeddable":true,"href":"https:\/\/reciclajealimentario.webs.upv.es\/index.php\/wp-json\/wp\/v2\/users\/1"}],"replies":[{"embeddable":true,"href":"https:\/\/reciclajealimentario.webs.upv.es\/index.php\/wp-json\/wp\/v2\/comments?post=2"}],"version-history":[{"count":35,"href":"https:\/\/reciclajealimentario.webs.upv.es\/index.php\/wp-json\/wp\/v2\/pages\/2\/revisions"}],"predecessor-version":[{"id":586,"href":"https:\/\/reciclajealimentario.webs.upv.es\/index.php\/wp-json\/wp\/v2\/pages\/2\/revisions\/586"}],"wp:attachment":[{"href":"https:\/\/reciclajealimentario.webs.upv.es\/index.php\/wp-json\/wp\/v2\/media?parent=2"}],"curies":[{"name":"wp","href":"https:\/\/api.w.org\/{rel}","templated":true}]}}