{"id":203,"date":"2025-05-26T10:28:18","date_gmt":"2025-05-26T10:28:18","guid":{"rendered":"https:\/\/reciclajealimentario.webs.upv.es\/?page_id=203"},"modified":"2025-06-07T10:21:05","modified_gmt":"2025-06-07T10:21:05","slug":"grupo-de-investigacion","status":"publish","type":"page","link":"https:\/\/reciclajealimentario.webs.upv.es\/index.php\/grupo-de-investigacion\/","title":{"rendered":"Grupo de investigaci\u00f3n"},"content":{"rendered":"\n<figure class=\"wp-block-image size-full is-resized\"><img loading=\"lazy\" decoding=\"async\" width=\"500\" height=\"254\" src=\"https:\/\/reciclajealimentario.webs.upv.es\/wp-content\/uploads\/2025\/05\/cuina.jpg\" alt=\"\" class=\"wp-image-221\" style=\"width:200px\" srcset=\"https:\/\/reciclajealimentario.webs.upv.es\/wp-content\/uploads\/2025\/05\/cuina.jpg 500w, https:\/\/reciclajealimentario.webs.upv.es\/wp-content\/uploads\/2025\/05\/cuina-300x152.jpg 300w\" sizes=\"auto, (max-width: 500px) 100vw, 500px\" \/><\/figure>\n\n\n\n<p>El <a href=\"https:\/\/www.upv.es\/contenidos\/CUINA\/\" target=\"_blank\" rel=\"noreferrer noopener\">grupo CUINA<\/a> de la Universidad Polit\u00e9cnica de Valencia desarrolla su investigaci\u00f3n en el \u00e1mbito de la Tecnolog\u00eda de Alimentos tratando de resolver problemas del sector alimentario relacionados con el procesado y conservaci\u00f3n de alimentos. Desde un an\u00e1lisis fundamental de los aspectos implicados pretendemos contribuir dando respuesta a la demanda actual del consumidor de disponer de productos seguros y de alta calidad no s\u00f3lo sensorial y nutricional sino tambi\u00e9n funcional.<\/p>\n\n\n\n<div class=\"wp-block-columns is-layout-flex wp-container-core-columns-is-layout-9d6595d7 wp-block-columns-is-layout-flex\">\n<div class=\"wp-block-column is-layout-flow wp-block-column-is-layout-flow\" style=\"flex-basis:15%\">\n<p><\/p>\n<\/div>\n\n\n\n<div class=\"wp-block-column is-layout-flow wp-block-column-is-layout-flow\">\n<div class=\"wp-block-media-text is-stacked-on-mobile is-image-fill-element has-background\" style=\"background-color:#f1f1f1;grid-template-columns:35% auto\"><figure class=\"wp-block-media-text__media\"><img loading=\"lazy\" decoding=\"async\" width=\"205\" height=\"264\" src=\"https:\/\/reciclajealimentario.webs.upv.es\/wp-content\/uploads\/2025\/05\/Nuria.jpg\" alt=\"\" class=\"wp-image-205 size-full\" style=\"object-position:50% 37%\"\/><\/figure><div class=\"wp-block-media-text__content\">\n<h5 class=\"wp-block-heading\"><strong>Nuria Mart\u00ednez Navarrete<\/strong><\/h5>\n\n\n\n<p>Catedr\u00e1tica de Universidad<\/p>\n\n\n\n<div class=\"wp-block-buttons is-content-justification-right is-layout-flex wp-container-core-buttons-is-layout-765c4724 wp-block-buttons-is-layout-flex\">\n<div class=\"wp-block-button\"><a class=\"wp-block-button__link wp-element-button\" href=\"https:\/\/www.upv.es\/ficha-personal\/nmartin\" target=\"_blank\" rel=\"noreferrer noopener\">Ficha personal<\/a><\/div>\n<\/div>\n<\/div><\/div>\n<\/div>\n\n\n\n<div class=\"wp-block-column is-layout-flow wp-block-column-is-layout-flow\" style=\"flex-basis:15%\"><\/div>\n<\/div>\n\n\n\n<div class=\"wp-block-columns is-layout-flex wp-container-core-columns-is-layout-9d6595d7 wp-block-columns-is-layout-flex\">\n<div class=\"wp-block-column is-layout-flow wp-block-column-is-layout-flow\" style=\"flex-basis:15%\">\n<p><\/p>\n<\/div>\n\n\n\n<div class=\"wp-block-column is-layout-flow wp-block-column-is-layout-flow\">\n<div class=\"wp-block-media-text is-stacked-on-mobile is-image-fill-element has-background\" style=\"background-color:#f1f1f1;grid-template-columns:35% auto\"><figure class=\"wp-block-media-text__media\"><img loading=\"lazy\" decoding=\"async\" width=\"206\" height=\"264\" src=\"https:\/\/reciclajealimentario.webs.upv.es\/wp-content\/uploads\/2025\/05\/MMar.jpg\" alt=\"\" class=\"wp-image-207 size-full\" style=\"object-position:50% 50%\"\/><\/figure><div class=\"wp-block-media-text__content\">\n<h5 class=\"wp-block-heading\"><strong>Mar\u00eda Mar Camacho Vidal<\/strong><\/h5>\n\n\n\n<p>Catedr\u00e1tica de Universidad<\/p>\n\n\n\n<div class=\"wp-block-buttons is-content-justification-right is-layout-flex wp-container-core-buttons-is-layout-765c4724 wp-block-buttons-is-layout-flex\">\n<div class=\"wp-block-button\"><a class=\"wp-block-button__link wp-element-button\" href=\"https:\/\/www.upv.es\/ficha-personal\/mdmcamvi\" target=\"_blank\" rel=\"noreferrer noopener\">Ficha personal<\/a><\/div>\n<\/div>\n<\/div><\/div>\n<\/div>\n\n\n\n<div class=\"wp-block-column is-layout-flow wp-block-column-is-layout-flow\" style=\"flex-basis:15%\"><\/div>\n<\/div>\n\n\n\n<div class=\"wp-block-columns is-layout-flex wp-container-core-columns-is-layout-9d6595d7 wp-block-columns-is-layout-flex\">\n<div class=\"wp-block-column is-layout-flow wp-block-column-is-layout-flow\" style=\"flex-basis:15%\">\n<p><\/p>\n<\/div>\n\n\n\n<div class=\"wp-block-column is-layout-flow wp-block-column-is-layout-flow\">\n<div class=\"wp-block-media-text is-stacked-on-mobile is-image-fill-element has-background\" style=\"background-color:#f1f1f1;grid-template-columns:35% auto\"><figure class=\"wp-block-media-text__media\"><img loading=\"lazy\" decoding=\"async\" width=\"166\" height=\"264\" src=\"https:\/\/reciclajealimentario.webs.upv.es\/wp-content\/uploads\/2025\/06\/Eva.jpg\" alt=\"\" class=\"wp-image-290 size-full\" style=\"object-position:48% 27%\"\/><\/figure><div class=\"wp-block-media-text__content\">\n<h5 class=\"wp-block-heading\"><strong><strong>Eva Mar\u00eda<\/strong> <strong>Garc\u00eda Mart\u00ednez<\/strong><\/strong><\/h5>\n\n\n\n<p>Profesora Titular de Universidad<\/p>\n\n\n\n<div class=\"wp-block-buttons is-content-justification-right is-layout-flex wp-container-core-buttons-is-layout-765c4724 wp-block-buttons-is-layout-flex\">\n<div class=\"wp-block-button\"><a class=\"wp-block-button__link wp-element-button\" href=\"https:\/\/www.upv.es\/ficha-personal\/evgarmar\" target=\"_blank\" rel=\"noreferrer noopener\">Ficha personal<\/a><\/div>\n<\/div>\n<\/div><\/div>\n<\/div>\n\n\n\n<div class=\"wp-block-column is-layout-flow wp-block-column-is-layout-flow\" style=\"flex-basis:15%\"><\/div>\n<\/div>\n\n\n\n<p><\/p>\n","protected":false},"excerpt":{"rendered":"<p>El grupo CUINA de la Universidad Polit\u00e9cnica de Valencia desarrolla su investigaci\u00f3n en el \u00e1mbito de la Tecnolog\u00eda de Alimentos tratando de resolver problemas del sector alimentario relacionados con el procesado y conservaci\u00f3n de alimentos. &hellip; <\/p>\n","protected":false},"author":1,"featured_media":0,"parent":0,"menu_order":0,"comment_status":"closed","ping_status":"closed","template":"","meta":{"footnotes":""},"class_list":["post-203","page","type-page","status-publish","hentry"],"_links":{"self":[{"href":"https:\/\/reciclajealimentario.webs.upv.es\/index.php\/wp-json\/wp\/v2\/pages\/203","targetHints":{"allow":["GET"]}}],"collection":[{"href":"https:\/\/reciclajealimentario.webs.upv.es\/index.php\/wp-json\/wp\/v2\/pages"}],"about":[{"href":"https:\/\/reciclajealimentario.webs.upv.es\/index.php\/wp-json\/wp\/v2\/types\/page"}],"author":[{"embeddable":true,"href":"https:\/\/reciclajealimentario.webs.upv.es\/index.php\/wp-json\/wp\/v2\/users\/1"}],"replies":[{"embeddable":true,"href":"https:\/\/reciclajealimentario.webs.upv.es\/index.php\/wp-json\/wp\/v2\/comments?post=203"}],"version-history":[{"count":25,"href":"https:\/\/reciclajealimentario.webs.upv.es\/index.php\/wp-json\/wp\/v2\/pages\/203\/revisions"}],"predecessor-version":[{"id":319,"href":"https:\/\/reciclajealimentario.webs.upv.es\/index.php\/wp-json\/wp\/v2\/pages\/203\/revisions\/319"}],"wp:attachment":[{"href":"https:\/\/reciclajealimentario.webs.upv.es\/index.php\/wp-json\/wp\/v2\/media?parent=203"}],"curies":[{"name":"wp","href":"https:\/\/api.w.org\/{rel}","templated":true}]}}