{"id":376,"date":"2025-07-28T12:33:05","date_gmt":"2025-07-28T12:33:05","guid":{"rendered":"https:\/\/reciclajealimentario.webs.upv.es\/?page_id=376"},"modified":"2026-03-11T16:47:40","modified_gmt":"2026-03-11T16:47:40","slug":"guia-para-el-reciclaje-alimentario","status":"publish","type":"page","link":"https:\/\/reciclajealimentario.webs.upv.es\/index.php\/guia-para-el-reciclaje-alimentario\/","title":{"rendered":"Gu\u00eda para el reciclaje alimentario"},"content":{"rendered":"\n<h3 class=\"wp-block-heading\"><strong>Recetas para el reciclaje y reutilizaci\u00f3n de subproductos alimentarios<\/strong><\/h3>\n\n\n\n<p>Los subproductos incluyen todas aquellas partes de los alimentos que acabamos desechando, como pieles, c\u00e1scaras, huesos, partes no consumidas, piezas que muestran alg\u00fan defecto f\u00edsico o que han perdido su frescura inicial\u2026 Lo que normalmente tiramos, puede tener mayor valor nutritivo y funcional que la parte tradicionalmente comestible. \u00a1Aprovech\u00e9moslo!. Las recetas que aqu\u00ed te proponemos est\u00e1n pensadas para el reciclaje de frutas y hortalizas (verduras, ra\u00edces, bulbos, tub\u00e9rculos, legumbres) o c\u00e1scara de huevo, entre otros.<\/p>\n\n\n\n<h4 class=\"wp-block-heading\">\u00bfQu\u00e9 hacer con el subproducto?:<\/h4>\n\n\n\n<div class=\"wp-block-buttons is-layout-flex wp-block-buttons-is-layout-flex\">\n<div class=\"wp-block-button has-custom-width wp-block-button__width-100\"><a class=\"wp-block-button__link has-vivid-cyan-blue-background-color has-background wp-element-button\" href=\"#triturar\">Trit\u00faralo y reutil\u00edzalo -&gt; Pur\u00e9<\/a><\/div>\n\n\n\n<div class=\"wp-block-button has-custom-width wp-block-button__width-100\"><a class=\"wp-block-button__link has-vivid-green-cyan-background-color has-background wp-element-button\" href=\"#secar\">S\u00e9calo y reutil\u00edzalo -&gt; Porciones secas<\/a><\/div>\n\n\n\n<div class=\"wp-block-button has-custom-width wp-block-button__width-100\"><a class=\"wp-block-button__link has-luminous-vivid-orange-background-color has-background wp-element-button\" href=\"#especia\">Convierte el pur\u00e9 o las porciones secas en una especia y reutil\u00edzalo -&gt; Polvo<\/a><\/div>\n\n\n\n<div class=\"wp-block-button has-custom-width wp-block-button__width-100\"><a class=\"wp-block-button__link has-light-green-cyan-background-color has-background wp-element-button\" href=\"#ejemplos\">Ejemplos y recetas<\/a><\/div>\n\n\n\n<div class=\"wp-block-button has-custom-width wp-block-button__width-100\"><a class=\"wp-block-button__link has-luminous-vivid-amber-background-color has-background wp-element-button\" href=\"#participa\">Participa<\/a><\/div>\n<\/div>\n\n\n\n<p class=\"has-vivid-cyan-blue-color has-text-color has-link-color wp-elements-05632029db11419b895fe2527d27a9af\"><\/p>\n\n\n\n<div style=\"height:100px\" aria-hidden=\"true\" id=\"triturar\" class=\"wp-block-spacer\"><\/div>\n\n\n\n<div class=\"wp-block-group\"><div class=\"wp-block-group__inner-container is-layout-constrained wp-block-group-is-layout-constrained\">\n<div class=\"wp-block-media-text is-stacked-on-mobile is-image-fill-element has-white-color has-vivid-cyan-blue-background-color has-text-color has-background has-link-color wp-elements-6fde694005e10448396b5ffdac0c22b6\" style=\"border-style:none;border-width:0px;border-radius:6px;padding-top:var(--wp--preset--spacing--20);padding-right:var(--wp--preset--spacing--20);padding-bottom:var(--wp--preset--spacing--20);padding-left:var(--wp--preset--spacing--20);grid-template-columns:45% auto\"><figure class=\"wp-block-media-text__media\"><img loading=\"lazy\" decoding=\"async\" width=\"1024\" height=\"573\" src=\"https:\/\/reciclajealimentario.webs.upv.es\/wp-content\/uploads\/2025\/10\/1_Trituralo-1536x832-1-1024x573.jpg\" alt=\"\" class=\"wp-image-447 size-thumbnail\" style=\"object-position:50% 50%\" srcset=\"https:\/\/reciclajealimentario.webs.upv.es\/wp-content\/uploads\/2025\/10\/1_Trituralo-1536x832-1-1024x573.jpg 1024w, https:\/\/reciclajealimentario.webs.upv.es\/wp-content\/uploads\/2025\/10\/1_Trituralo-1536x832-1-300x168.jpg 300w, https:\/\/reciclajealimentario.webs.upv.es\/wp-content\/uploads\/2025\/10\/1_Trituralo-1536x832-1-768x430.jpg 768w, https:\/\/reciclajealimentario.webs.upv.es\/wp-content\/uploads\/2025\/10\/1_Trituralo-1536x832-1-480x270.jpg 480w, https:\/\/reciclajealimentario.webs.upv.es\/wp-content\/uploads\/2025\/10\/1_Trituralo-1536x832-1.jpg 1484w\" sizes=\"auto, (max-width: 1024px) 100vw, 1024px\" \/><\/figure><div class=\"wp-block-media-text__content\">\n<h2 class=\"wp-block-heading has-white-color has-text-color has-link-color wp-elements-4e2639374beaee3c52b7452aa8bbbac5\">Trit\u00faralo<\/h2>\n\n\n\n<p class=\"has-white-color has-text-color has-link-color wp-elements-02eec8f45c7dfc4dc82c2befc2b5844d\">Obt\u00e9n un pur\u00e9 con tu electrodom\u00e9stico habitual. El pur\u00e9 puede ser de cada uno de los subproductos o de una mezcla de ellos.<\/p>\n\n\n\n<p><\/p>\n<\/div><\/div>\n<\/div><\/div>\n\n\n\n<div style=\"height:100px\" aria-hidden=\"true\" class=\"wp-block-spacer\"><\/div>\n\n\n\n<div class=\"wp-block-media-text is-stacked-on-mobile is-image-fill-element has-vivid-cyan-blue-background-color has-background\" style=\"border-radius:8px;padding-top:var(--wp--preset--spacing--20);padding-right:var(--wp--preset--spacing--20);padding-bottom:var(--wp--preset--spacing--20);padding-left:var(--wp--preset--spacing--20);grid-template-columns:45% auto\"><figure class=\"wp-block-media-text__media\"><img loading=\"lazy\" decoding=\"async\" width=\"1024\" height=\"604\" src=\"https:\/\/reciclajealimentario.webs.upv.es\/wp-content\/uploads\/2025\/10\/2_ReutilizaloTrit-1536x832-1-1024x604.jpg\" alt=\"\" class=\"wp-image-448 size-full\" style=\"object-position:50% 50%\" srcset=\"https:\/\/reciclajealimentario.webs.upv.es\/wp-content\/uploads\/2025\/10\/2_ReutilizaloTrit-1536x832-1-1024x604.jpg 1024w, https:\/\/reciclajealimentario.webs.upv.es\/wp-content\/uploads\/2025\/10\/2_ReutilizaloTrit-1536x832-1-300x177.jpg 300w, https:\/\/reciclajealimentario.webs.upv.es\/wp-content\/uploads\/2025\/10\/2_ReutilizaloTrit-1536x832-1-768x453.jpg 768w, https:\/\/reciclajealimentario.webs.upv.es\/wp-content\/uploads\/2025\/10\/2_ReutilizaloTrit-1536x832-1.jpg 1411w\" sizes=\"auto, (max-width: 1024px) 100vw, 1024px\" \/><\/figure><div class=\"wp-block-media-text__content\">\n<h2 class=\"wp-block-heading has-white-color has-text-color has-link-color wp-elements-830ada4dbe4af08f5555200d95ed066e\" style=\"border-style:none;border-width:0px\">Reutil\u00edzalo<\/h2>\n\n\n\n<p class=\"has-white-color has-text-color has-link-color wp-elements-677bf13466772101304c4eecc288da42\" style=\"border-style:none;border-width:0px;padding-top:0;padding-right:0;padding-bottom:0;padding-left:0\">Cons\u00famelo como tal, fr\u00edo o caliente, o a\u00f1\u00e1delo a un guiso, yogurt, batido, smoothie, hazte un helado, \u2026<\/p>\n\n\n\n<p><\/p>\n<\/div><\/div>\n\n\n\n<hr class=\"wp-block-separator has-alpha-channel-opacity is-style-dots\"\/>\n\n\n\n<div style=\"height:100px\" aria-hidden=\"true\" id=\"secar\" class=\"wp-block-spacer\"><\/div>\n\n\n\n<div class=\"wp-block-media-text is-stacked-on-mobile is-image-fill-element has-vivid-green-cyan-background-color has-background\" style=\"border-radius:8px;padding-top:var(--wp--preset--spacing--20);padding-right:var(--wp--preset--spacing--20);padding-bottom:var(--wp--preset--spacing--20);padding-left:var(--wp--preset--spacing--20);grid-template-columns:45% auto\"><figure class=\"wp-block-media-text__media\"><img loading=\"lazy\" decoding=\"async\" width=\"1024\" height=\"622\" src=\"https:\/\/reciclajealimentario.webs.upv.es\/wp-content\/uploads\/2025\/10\/3_Secalo-1536x832-1-1024x622.jpg\" alt=\"\" class=\"wp-image-449 size-thumbnail\" style=\"object-position:50% 50%\" srcset=\"https:\/\/reciclajealimentario.webs.upv.es\/wp-content\/uploads\/2025\/10\/3_Secalo-1536x832-1-1024x622.jpg 1024w, https:\/\/reciclajealimentario.webs.upv.es\/wp-content\/uploads\/2025\/10\/3_Secalo-1536x832-1-300x182.jpg 300w, https:\/\/reciclajealimentario.webs.upv.es\/wp-content\/uploads\/2025\/10\/3_Secalo-1536x832-1-768x467.jpg 768w, https:\/\/reciclajealimentario.webs.upv.es\/wp-content\/uploads\/2025\/10\/3_Secalo-1536x832-1.jpg 1369w\" sizes=\"auto, (max-width: 1024px) 100vw, 1024px\" \/><\/figure><div class=\"wp-block-media-text__content\">\n<h2 class=\"wp-block-heading has-white-color has-text-color has-link-color wp-elements-b0132ed27320669942b4b4559cff40c2\">S\u00e9calo<\/h2>\n\n\n\n<p class=\"has-white-color has-text-color has-link-color wp-elements-fba1a6a38a6cae8bdc1609398a9be132\">Seg\u00fan el tama\u00f1o, troc\u00e9alo y ponlo a secar en el horno, MW, freidora de aire o sart\u00e9n a la temperatura m\u00e1s baja que permita tu electrodom\u00e9stico hasta obtener un producto seco y crujiente. El tiempo depender\u00e1 de la cantidad y temperatura. Almac\u00e9nalo en un bote twist-off o en una bolsa zip, manteni\u00e9ndolo en un lugar fresco, seco y al abrigo de la luz, hasta que lo utilices.<\/p>\n\n\n\n<p><\/p>\n<\/div><\/div>\n\n\n\n<div style=\"height:100px\" aria-hidden=\"true\" class=\"wp-block-spacer\"><\/div>\n\n\n\n<div class=\"wp-block-media-text is-stacked-on-mobile is-image-fill-element has-vivid-green-cyan-background-color has-background\" style=\"border-radius:8px;padding-top:var(--wp--preset--spacing--20);padding-right:var(--wp--preset--spacing--20);padding-bottom:var(--wp--preset--spacing--20);padding-left:var(--wp--preset--spacing--20);grid-template-columns:45% auto\"><figure class=\"wp-block-media-text__media\"><img loading=\"lazy\" decoding=\"async\" width=\"1024\" height=\"603\" src=\"https:\/\/reciclajealimentario.webs.upv.es\/wp-content\/uploads\/2025\/10\/4_ReutilizaloSec-1536x832-1-1024x603.jpg\" alt=\"\" class=\"wp-image-450 size-thumbnail\" style=\"object-position:50% 50%\" srcset=\"https:\/\/reciclajealimentario.webs.upv.es\/wp-content\/uploads\/2025\/10\/4_ReutilizaloSec-1536x832-1-1024x603.jpg 1024w, https:\/\/reciclajealimentario.webs.upv.es\/wp-content\/uploads\/2025\/10\/4_ReutilizaloSec-1536x832-1-300x177.jpg 300w, https:\/\/reciclajealimentario.webs.upv.es\/wp-content\/uploads\/2025\/10\/4_ReutilizaloSec-1536x832-1-768x452.jpg 768w, https:\/\/reciclajealimentario.webs.upv.es\/wp-content\/uploads\/2025\/10\/4_ReutilizaloSec-1536x832-1.jpg 1413w\" sizes=\"auto, (max-width: 1024px) 100vw, 1024px\" \/><\/figure><div class=\"wp-block-media-text__content\">\n<h2 class=\"wp-block-heading has-white-color has-text-color has-link-color wp-elements-b2354adebd4169d4daf8380de2d25ec5\">Reutil\u00edzalo<\/h2>\n\n\n\n<p class=\"has-white-color has-text-color has-link-color wp-elements-2bfacde62a7e9dbc307ba893ffcd05cd\">Puedes a\u00f1adirlo a muchos alimentos porque te va a aportar sabor, color, aroma y muchos compuestos nutritivos y saludables. Te proponemos algunos ejemplos: a\u00f1\u00e1delo a guisos, ensaladas, yogures, tortillas, \u2026<\/p>\n\n\n\n<p><\/p>\n<\/div><\/div>\n\n\n\n<hr class=\"wp-block-separator has-alpha-channel-opacity is-style-dots\"\/>\n\n\n\n<div style=\"height:100px\" aria-hidden=\"true\" id=\"especia\" class=\"wp-block-spacer\"><\/div>\n\n\n\n<div class=\"wp-block-media-text is-stacked-on-mobile is-image-fill-element has-luminous-vivid-orange-background-color has-background\" style=\"border-radius:8px;padding-top:var(--wp--preset--spacing--20);padding-right:var(--wp--preset--spacing--20);padding-bottom:var(--wp--preset--spacing--20);padding-left:var(--wp--preset--spacing--20);grid-template-columns:45% auto\"><figure class=\"wp-block-media-text__media\"><img loading=\"lazy\" decoding=\"async\" width=\"1024\" height=\"555\" src=\"https:\/\/reciclajealimentario.webs.upv.es\/wp-content\/uploads\/2025\/10\/horno-1024x555.jpg\" alt=\"\" class=\"wp-image-476 size-thumbnail\" style=\"object-position:49% 21%\" srcset=\"https:\/\/reciclajealimentario.webs.upv.es\/wp-content\/uploads\/2025\/10\/horno-1024x555.jpg 1024w, https:\/\/reciclajealimentario.webs.upv.es\/wp-content\/uploads\/2025\/10\/horno-300x163.jpg 300w, https:\/\/reciclajealimentario.webs.upv.es\/wp-content\/uploads\/2025\/10\/horno-768x416.jpg 768w, https:\/\/reciclajealimentario.webs.upv.es\/wp-content\/uploads\/2025\/10\/horno-1536x832.jpg 1536w, https:\/\/reciclajealimentario.webs.upv.es\/wp-content\/uploads\/2025\/10\/horno-2048x1110.jpg 2048w\" sizes=\"auto, (max-width: 1024px) 100vw, 1024px\" \/><\/figure><div class=\"wp-block-media-text__content\">\n<h2 class=\"wp-block-heading has-white-color has-text-color has-link-color wp-elements-f0ca25bb298a5acea1ec74339d28c2ee\">Convi\u00e9rtelo en especia<\/h2>\n\n\n\n<p class=\"has-white-color has-text-color has-link-color wp-elements-655ee9c41dfa97679ef4e5b32401f9f1\">Distribuye el pur\u00e9 (0,5 cm de espesor) en una rejilla sobre papel previamente perforado y s\u00e9calo en tu horno, MW, freidora de aire o sart\u00e9n a la temperatura m\u00e1s baja que puedas hasta obtener un producto seco y crujiente. El tiempo depender\u00e1 de la cantidad y temperatura. Tritura este pur\u00e9 seco (o las porciones secas) hasta obtener un polvo. Almac\u00e9nalo herm\u00e9ticamente en un lugar fresco, seco y protegido de la luz.<\/p>\n\n\n\n<p class=\"has-white-color has-text-color has-link-color wp-elements-9703037e4d1bf537178c7d1d0dc8d404\"><\/p>\n<\/div><\/div>\n\n\n\n<div style=\"height:100px\" aria-hidden=\"true\" class=\"wp-block-spacer\"><\/div>\n\n\n\n<div class=\"wp-block-media-text is-stacked-on-mobile is-image-fill-element has-luminous-vivid-orange-background-color has-background\" style=\"border-radius:8px;padding-top:var(--wp--preset--spacing--20);padding-right:var(--wp--preset--spacing--20);padding-bottom:var(--wp--preset--spacing--20);padding-left:var(--wp--preset--spacing--20);grid-template-columns:45% auto\"><figure class=\"wp-block-media-text__media\"><img loading=\"lazy\" decoding=\"async\" width=\"1024\" height=\"633\" src=\"https:\/\/reciclajealimentario.webs.upv.es\/wp-content\/uploads\/2025\/10\/6_Reutilizaloespec-1536x832-1-1024x633.jpg\" alt=\"\" class=\"wp-image-452 size-thumbnail\" style=\"object-position:50% 50%\" srcset=\"https:\/\/reciclajealimentario.webs.upv.es\/wp-content\/uploads\/2025\/10\/6_Reutilizaloespec-1536x832-1-1024x633.jpg 1024w, https:\/\/reciclajealimentario.webs.upv.es\/wp-content\/uploads\/2025\/10\/6_Reutilizaloespec-1536x832-1-300x186.jpg 300w, https:\/\/reciclajealimentario.webs.upv.es\/wp-content\/uploads\/2025\/10\/6_Reutilizaloespec-1536x832-1-768x475.jpg 768w, https:\/\/reciclajealimentario.webs.upv.es\/wp-content\/uploads\/2025\/10\/6_Reutilizaloespec-1536x832-1.jpg 1345w\" sizes=\"auto, (max-width: 1024px) 100vw, 1024px\" \/><\/figure><div class=\"wp-block-media-text__content\">\n<h2 class=\"wp-block-heading has-white-color has-text-color has-link-color wp-elements-b2354adebd4169d4daf8380de2d25ec5\">Reutil\u00edzalo<\/h2>\n\n\n\n<p class=\"has-white-color has-text-color has-link-color wp-elements-9703037e4d1bf537178c7d1d0dc8d404\"><\/p>\n\n\n\n<p class=\"has-white-color has-text-color has-link-color wp-elements-b318148ac3b71e028b5d0dfc54a51b15\">Puedes a\u00f1adirlo a muchos alimentos porque te va a aportar sabor, color, aroma y muchos compuestos nutritivos y saludables. Te damos algunos ejemplos: a\u00f1\u00e1delo a un guiso, tortilla, ensalada, pizza, yogurt, batido, smoothie, hazte un helado, \u2026<\/p>\n\n\n\n<p><\/p>\n<\/div><\/div>\n\n\n\n<p class=\"has-text-align-center has-small-font-size\">\u00a9 2025 por Irene Lillo Camacho con licencia CC BY-NC-ND 4.0. Para ver una copia de esta licencia, visite <a href=\"https:\/\/creativecommons.org\/licenses\/by-nc-nd\/4.0\/\">https:\/\/creativecommons.org\/licenses\/by-nc-nd\/4.0\/<\/a><\/p>\n\n\n\n<hr class=\"wp-block-separator has-alpha-channel-opacity is-style-wide\"\/>\n\n\n\n<div style=\"height:100px\" aria-hidden=\"true\" id=\"ejemplos\" class=\"wp-block-spacer\"><\/div>\n\n\n\n<h2 class=\"wp-block-heading has-light-green-cyan-color has-text-color has-link-color wp-elements-44ef9686ff8d27fd3186e65bd194e387\"><strong>Algunos ejemplos\/recetas<\/strong><\/h2>\n\n\n\n<figure class=\"wp-block-table\"><table><tbody><tr><td><strong>Subproducto<\/strong><\/td><td><strong>Reciclaje y reutilizaci\u00f3n<\/strong><\/td><\/tr><tr><td>Hojas de zanahoria<\/td><td><strong>Tortilla de queso<\/strong> <br>Separa las hojas de la zanahoria, l\u00e1valas y distrib\u00fayelas sobre una rejilla. S\u00e9calas en el horno a 70 \u00baC durante 40 min o en la freidora de aire a 80 \u00baC durante 70 min. Tritura las hojas secas y a\u00f1ade aproximadamente 1 g de <strong>polvo<\/strong> de hojas de zanahoria y 10 g de queso rallado por cada huevo. Prepara la tortilla a tu gusto sobre un sofrito de cebolla.<\/td><\/tr><tr><td>C\u00e1scara de huevo (especial fuente de calcio)<\/td><td><strong>Batido de frutas<\/strong> <br>Lava las c\u00e1scaras del huevo con agua y ponlas a hervir durante 10 min. S\u00e9calas en el horno a 100 \u00b0C durante aproximadamente 10 min hasta que est\u00e9n completamente secas y quebradizas. Trit\u00faralas y tam\u00edzalas para obtener un <strong>polvo<\/strong> fino y homog\u00e9neo. Mezcla los ingredientes con los que quieres preparar el batido y a\u00f1ade la c\u00e1scara de huevo en polvo antes de batir.<\/td><\/tr><tr><td>Piel de pl\u00e1tano<\/td><td><strong>Crema de yogurt<\/strong> <br>Escalda la piel de pl\u00e1tano en agua hirviendo durante 1 min. Col\u00f3cala en una sart\u00e9n, a fuego lento, por aproximadamente media hora, volte\u00e1ndola peri\u00f3dicamente. Cuando est\u00e9 seca, trit\u00farala con tu electrodom\u00e9stico habitual hasta obtener un <strong>polvo<\/strong>. Tambi\u00e9n puedes secar las pieles en un horno a 100 \u00b0C durante unos 40 min hasta que est\u00e9n completamente secas y quebradizas. Troc\u00e9alas o trit\u00faralas y a\u00f1ade las <strong>porciones<\/strong> o el <strong>polvo<\/strong> de piel de pl\u00e1tano, a tu gusto, en el yogurt.<\/td><\/tr><tr><td>Restos de puerro<\/td><td><strong>Guiso con verduras<\/strong> <br>Lava las hojas del puerro y, como tales o trituradas, puedes a\u00f1adirlas a tu guiso. Pero si quieres almacenarlas, s\u00e9calas en el horno a 70 \u00baC durante aproximadamente 4 horas. Si trituras la torta seca obtenida hasta obtener un <strong>polvo<\/strong>, podr\u00e1s utilizarlo en otras ocasiones como especia. Si quieres a\u00f1adirlo a tu guiso en <strong>porciones<\/strong>, trocea la torta obtenida y a\u00f1\u00e1dela hacia el final de la cocci\u00f3n.<\/td><\/tr><\/tbody><\/table><\/figure>\n\n\n\n<div class=\"wp-block-buttons is-layout-flex wp-block-buttons-is-layout-flex\">\n<div class=\"wp-block-button has-custom-width wp-block-button__width-100\"><a class=\"wp-block-button__link has-light-green-cyan-background-color has-background wp-element-button\" href=\"https:\/\/reciclajealimentario.webs.upv.es\/index.php\/buscar-receta\/\">Ver todas las recetas<\/a><\/div>\n<\/div>\n\n\n\n<hr class=\"wp-block-separator has-alpha-channel-opacity is-style-wide\"\/>\n\n\n\n<div style=\"height:100px\" aria-hidden=\"true\" id=\"participa\" class=\"wp-block-spacer\"><\/div>\n\n\n\n<h2 class=\"wp-block-heading has-luminous-vivid-amber-color has-text-color has-link-color wp-elements-0147bef9d96498223a16e3c760e6e5d2\">Participa<\/h2>\n\n\n\n<p>Como proyecto de Ciencia Ciudadana, las aportaciones de la poblaci\u00f3n general son imprescindibles. Te invitamos a participar en el proyecto rellenando una <strong>encuesta<\/strong> o tambi\u00e9n con tus propias <strong>recetas<\/strong>. A\u00f1ade tu propuesta de subproducto a reciclar, c\u00f3mo lo has reutilizado y comparte ejemplos de reutilizaci\u00f3n. Si quieres, il\u00fastralo con fotos y\/o videos.<\/p>\n\n\n\n<div class=\"wp-block-buttons is-layout-flex wp-block-buttons-is-layout-flex\">\n<div class=\"wp-block-button has-custom-width wp-block-button__width-100\"><a class=\"wp-block-button__link has-luminous-vivid-amber-background-color has-background wp-element-button\" href=\"https:\/\/reciclajealimentario.webs.upv.es\/index.php\/participa\/\">Participa<\/a><\/div>\n<\/div>\n","protected":false},"excerpt":{"rendered":"<p>Recetas para el reciclaje y reutilizaci\u00f3n de subproductos alimentarios Los subproductos incluyen todas aquellas partes de los alimentos que acabamos desechando, como pieles, c\u00e1scaras, huesos, partes no consumidas, piezas que muestran alg\u00fan defecto f\u00edsico o &hellip; <\/p>\n","protected":false},"author":1,"featured_media":0,"parent":0,"menu_order":0,"comment_status":"closed","ping_status":"closed","template":"","meta":{"footnotes":""},"class_list":["post-376","page","type-page","status-publish","hentry"],"_links":{"self":[{"href":"https:\/\/reciclajealimentario.webs.upv.es\/index.php\/wp-json\/wp\/v2\/pages\/376","targetHints":{"allow":["GET"]}}],"collection":[{"href":"https:\/\/reciclajealimentario.webs.upv.es\/index.php\/wp-json\/wp\/v2\/pages"}],"about":[{"href":"https:\/\/reciclajealimentario.webs.upv.es\/index.php\/wp-json\/wp\/v2\/types\/page"}],"author":[{"embeddable":true,"href":"https:\/\/reciclajealimentario.webs.upv.es\/index.php\/wp-json\/wp\/v2\/users\/1"}],"replies":[{"embeddable":true,"href":"https:\/\/reciclajealimentario.webs.upv.es\/index.php\/wp-json\/wp\/v2\/comments?post=376"}],"version-history":[{"count":35,"href":"https:\/\/reciclajealimentario.webs.upv.es\/index.php\/wp-json\/wp\/v2\/pages\/376\/revisions"}],"predecessor-version":[{"id":588,"href":"https:\/\/reciclajealimentario.webs.upv.es\/index.php\/wp-json\/wp\/v2\/pages\/376\/revisions\/588"}],"wp:attachment":[{"href":"https:\/\/reciclajealimentario.webs.upv.es\/index.php\/wp-json\/wp\/v2\/media?parent=376"}],"curies":[{"name":"wp","href":"https:\/\/api.w.org\/{rel}","templated":true}]}}